{"id":1364,"date":"2024-11-30T13:33:29","date_gmt":"2024-11-30T13:33:29","guid":{"rendered":"https:\/\/gccc-exist.de\/?page_id=1364"},"modified":"2025-06-19T12:26:57","modified_gmt":"2025-06-19T10:26:57","slug":"institutions","status":"publish","type":"page","link":"https:\/\/gccc-exist.de\/de\/institutions\/","title":{"rendered":"Offizielle Institutionen"},"content":{"rendered":"","protected":false},"excerpt":{"rendered":"<p>Vereinfachung des Visumverfahrens f\u00fcr Unternehmer. Ausstattung der Institutionen mit Instrumenten zur einfachen und pr\u00e4zisen Bearbeitung von Visumantr\u00e4gen f\u00fcr Unternehmer.<\/p>","protected":false},"author":1,"featured_media":1366,"parent":0,"menu_order":22,"comment_status":"closed","ping_status":"closed","template":"","meta":{"_acf_changed":false,"_seopress_robots_primary_cat":"","_seopress_titles_title":"%%post_title%% %%sep%% %%sitetitle%%","_seopress_titles_desc":"Streamlining the visa process for entrepreneurs. Empowering institutions with tools to handle entrepreneurial visa applications with ease and accuracy.","_seopress_robots_index":"","footnotes":""},"class_list":["post-1364","page","type-page","status-publish","has-post-thumbnail","hentry"],"acf":[],"_links":{"self":[{"href":"https:\/\/gccc-exist.de\/de\/wp-json\/wp\/v2\/pages\/1364","targetHints":{"allow":["GET"]}}],"collection":[{"href":"https:\/\/gccc-exist.de\/de\/wp-json\/wp\/v2\/pages"}],"about":[{"href":"https:\/\/gccc-exist.de\/de\/wp-json\/wp\/v2\/types\/page"}],"author":[{"embeddable":true,"href":"https:\/\/gccc-exist.de\/de\/wp-json\/wp\/v2\/users\/1"}],"replies":[{"embeddable":true,"href":"https:\/\/gccc-exist.de\/de\/wp-json\/wp\/v2\/comments?post=1364"}],"version-history":[{"count":23,"href":"https:\/\/gccc-exist.de\/de\/wp-json\/wp\/v2\/pages\/1364\/revisions"}],"predecessor-version":[{"id":1641,"href":"https:\/\/gccc-exist.de\/de\/wp-json\/wp\/v2\/pages\/1364\/revisions\/1641"}],"wp:featuredmedia":[{"embeddable":true,"href":"https:\/\/gccc-exist.de\/de\/wp-json\/wp\/v2\/media\/1366"}],"wp:attachment":[{"href":"https:\/\/gccc-exist.de\/de\/wp-json\/wp\/v2\/media?parent=1364"}],"curies":[{"name":"wp","href":"https:\/\/api.w.org\/{rel}","templated":true}]}}