{"id":1103,"date":"2024-11-29T11:29:24","date_gmt":"2024-11-29T11:29:24","guid":{"rendered":"https:\/\/gccc-exist.de\/?page_id=1103"},"modified":"2026-04-09T15:32:07","modified_gmt":"2026-04-09T13:32:07","slug":"entrepreneurs","status":"publish","type":"page","link":"https:\/\/gccc-exist.de\/pt\/entrepreneurs\/","title":{"rendered":"Empres\u00e1rios"},"content":{"rendered":"","protected":false},"excerpt":{"rendered":"<p>Comece a sua viagem empresarial na Alemanha. Ajudamos os fundadores de pa\u00edses terceiros com um apoio simplificado em mat\u00e9ria de vistos, programas de financiamento e fornecemos informa\u00e7\u00f5es essenciais aos aspirantes a empres\u00e1rios.<\/p>","protected":false},"author":1,"featured_media":1163,"parent":0,"menu_order":21,"comment_status":"closed","ping_status":"closed","template":"","meta":{"_acf_changed":false,"_seopress_robots_primary_cat":"","_seopress_titles_title":"%%post_title%% %%sep%% %%sitetitle%%","_seopress_titles_desc":"Start your business journey in Germany. We assist non-EU founders with a simplified visa support, funding programmes, and provide essential information for aspiring entrepreneurs.","_seopress_robots_index":"","footnotes":""},"class_list":["post-1103","page","type-page","status-publish","has-post-thumbnail","hentry"],"acf":[],"_links":{"self":[{"href":"https:\/\/gccc-exist.de\/pt\/wp-json\/wp\/v2\/pages\/1103","targetHints":{"allow":["GET"]}}],"collection":[{"href":"https:\/\/gccc-exist.de\/pt\/wp-json\/wp\/v2\/pages"}],"about":[{"href":"https:\/\/gccc-exist.de\/pt\/wp-json\/wp\/v2\/types\/page"}],"author":[{"embeddable":true,"href":"https:\/\/gccc-exist.de\/pt\/wp-json\/wp\/v2\/users\/1"}],"replies":[{"embeddable":true,"href":"https:\/\/gccc-exist.de\/pt\/wp-json\/wp\/v2\/comments?post=1103"}],"version-history":[{"count":55,"href":"https:\/\/gccc-exist.de\/pt\/wp-json\/wp\/v2\/pages\/1103\/revisions"}],"predecessor-version":[{"id":1640,"href":"https:\/\/gccc-exist.de\/pt\/wp-json\/wp\/v2\/pages\/1103\/revisions\/1640"}],"wp:featuredmedia":[{"embeddable":true,"href":"https:\/\/gccc-exist.de\/pt\/wp-json\/wp\/v2\/media\/1163"}],"wp:attachment":[{"href":"https:\/\/gccc-exist.de\/pt\/wp-json\/wp\/v2\/media?parent=1103"}],"curies":[{"name":"wp","href":"https:\/\/api.w.org\/{rel}","templated":true}]}}